{"id":79,"date":"2017-07-26T12:08:20","date_gmt":"2017-07-26T10:08:20","guid":{"rendered":"http:\/\/deprez.lu\/?page_id=79"},"modified":"2021-04-18T09:20:40","modified_gmt":"2021-04-18T07:20:40","slug":"revues-juridiques","status":"publish","type":"page","link":"https:\/\/deprez.lu\/index.php\/ressources-documentaires\/support-de-cours-seminaire-bamako\/revues-juridiques\/","title":{"rendered":"Revues juridiques"},"content":{"rendered":"<p><strong>Les articles de doctrines, source INDISPENSABLE pour la recherche<\/strong>, sont publi\u00e9s dans des revues juridiques sp\u00e9calis\u00e9es, lesquelles sont accessible :<\/p>\n<ul>\n<li>soit sous format papier, empruntable \u00e0 la biblioth\u00e8que ou dans le cadre d&rsquo;un abonnement personnel<\/li>\n<li>soit<em> via<\/em> des bases de donn\u00e9es d&rsquo;\u00e9diteurs juiridiques.<\/li>\n<\/ul>\n<p>La seconde option, offerte par les nouvelles technologies, est \u00e9videmment beaucoup plus performante, offrant les fonctionnalit\u00e9s de la num\u00e9risation (recherche intratexte, moteurs de recherche etc.), mais il reste deux difficult\u00e9s, l&rsquo;une li\u00e9e \u00e0 la recherche d&rsquo;un article, l&rsquo;autre li\u00e9e \u00e0 la compr\u00e9hension et au traitement des r\u00e9f\u00e9rences.<\/p>\n<ol>\n<li>La premi\u00e8re peut se r\u00e9sumer ainsi : je suis interress\u00e9 par un article pr\u00e9sent dans une revue ( par ex. Gazette du Palais, Jurisclasseur concurrence-consommation, Banque et droit, Revue trimestrielle de droit civil etc.), mais <strong>comment savoir sur quelle base de donn\u00e9es se trouve la revue qui contient mon article ?<\/strong><\/li>\n<li>La deuxi\u00e8me est li\u00e9 \u00e0 la compr\u00e9hension et au traitement des r\u00e9f\u00e9rences : Les r\u00e9f\u00e9rences utilisent un format abr\u00e9vi\u00e9 de citation des revues, et il convient de le suivre :<strong> la question qui se pose est de savoir s&rsquo;il existe un standard d&rsquo;abr\u00e9viation des revues ?<\/strong><\/li>\n<\/ol>\n<p>Le Syndicat National de l&rsquo;Edition fran\u00e7ais (SNE), qui oeuvre \u00e0 la standardisation des r\u00e9f\u00e9rences a \u00e9labor\u00e9 un document permettant de r\u00e9ponde \u00e0 ces deux interrogations.<\/p>\n<ul>\n<li>En ce qui concerne le lien entre une revue sp\u00e9cifique et la base de donn\u00e9e dans laquelle elle se trouve, il existait des ressources \u00e9parses sur des bases profesionnelles mais le document du SNE permet d&rsquo;avoir une version compl\u00e8te et actualis\u00e9e de ce document.<\/li>\n<li>En ce qui concerne la standardisation. Jusqu&rsquo;alors, il n&rsquo;y a pas de document en droit francophone \u00e9quivalent au <em><strong>bluebook <\/strong><\/em>anglo-saxon<em><strong>, <\/strong><\/em>qui est le livre qui permet au chercheur d&rsquo;obtenir les formats standardis\u00e9s \u00e0 appliquer en droit<em> Common Law. <\/em>Il fallait donc pour le chercheur francophone qu&rsquo;il se r\u00e9f\u00e9re, lors de publication, aux formats des divers \u00e9diteurs aupr\u00e8s desquels il publiait, ou \u00e0 ceux des diverses \u00e9coles doctorales. Le document \u00e9labor\u00e9 par le SNE entame une oeuvre d&rsquo;unification des r\u00e9f\u00e9rences, ce qui est fondamental pour tout chercheur.<\/li>\n<\/ul>\n<p>==&gt; En cliquant sur l&rsquo;image qui suit, vous pourrez acc\u00e9der au document \u00e9labor\u00e9 par le SNE lequel vous permet de relier les revues aux bases de donn\u00e9es, et de prendre connaissance des abr\u00e9viations applicables aux revues :<\/p>\n<p><a href=\"http:\/\/deprez.lu\/wp-content\/uploads\/2017\/08\/Journaux-editeurs-et-abr\u00e9viations.xlsx\" target=\"_blank\" rel=\"noopener noreferrer\"><img loading=\"lazy\" class=\"wp-image-112 aligncenter\" src=\"http:\/\/deprez.lu\/wp-content\/uploads\/2017\/07\/book_pitched_book_pages_paper_browse_open_scrolled_pressure-427776.jpgd_-300x193.jpg\" alt=\"\" width=\"121\" height=\"78\" srcset=\"https:\/\/deprez.lu\/wp-content\/uploads\/2017\/07\/book_pitched_book_pages_paper_browse_open_scrolled_pressure-427776.jpgd_-300x193.jpg 300w, https:\/\/deprez.lu\/wp-content\/uploads\/2017\/07\/book_pitched_book_pages_paper_browse_open_scrolled_pressure-427776.jpgd_-768x493.jpg 768w, https:\/\/deprez.lu\/wp-content\/uploads\/2017\/07\/book_pitched_book_pages_paper_browse_open_scrolled_pressure-427776.jpgd_-1024x658.jpg 1024w, https:\/\/deprez.lu\/wp-content\/uploads\/2017\/07\/book_pitched_book_pages_paper_browse_open_scrolled_pressure-427776.jpgd_-800x514.jpg 800w, https:\/\/deprez.lu\/wp-content\/uploads\/2017\/07\/book_pitched_book_pages_paper_browse_open_scrolled_pressure-427776.jpgd_.jpg 1200w\" sizes=\"(max-width: 121px) 100vw, 121px\" \/><\/a><\/p>\n<p><strong>L&rsquo;Universit\u00e9 de Bamako a souscrit un abonnement aupr\u00e8s de la base de donn\u00e9es de l&rsquo;\u00e9diteur Dalloz laquelle<\/strong> est tr\u00e8s fournie<strong> :\u00a0<\/strong> nous allons en d\u00e9couvrir le contenu et les fonctionnalit\u00e9s, pour que vous puissiez l&rsquo;utiliser efficacement selon vos besoins.<\/p>\n<p>Les autres bases, dans lesquelles se trouvent les autres revues, ont des fonctionnalit\u00e9s similaires que vous pourrez d\u00e9couvrir en allant sur le \u00ab\u00a0guide de l&rsquo;utilisateur\u00a0\u00bb, lorsque vous y aurez acc\u00e8s.<\/p>\n<p>&#8211; &#8211; &#8211; &#8211; &#8211; &#8211; &#8211; &#8211; &#8211;<\/p>\n<p><em>Note : Vous trouverez ci-dessous un aper\u00e7u des autres \u00e9diteurs juridique francophones les plus importants, ainsi que la description de leur base de donn\u00e9es et le lien qui conduit au portail de la base de donn\u00e9e. Ces descriptions sommaires ci-dessous sont directements celles pr\u00e9sent\u00e9es par les \u00e9diteurs sur leur propre site internet, les descriptions proviennent du site <a href=\"https:\/\/jurisguide.fr\/\" target=\"_blank\" rel=\"noopener noreferrer\">jurisguide<\/a> , fruit d&rsquo;une collaboration entre le minist\u00e8r de l&rsquo;\u00e9ducation nationale et la biblioth\u00e8que universitaire Cujas)<\/em><\/p>\n<p>&#8211; &#8211; &#8211; &#8211; &#8211; &#8211; &#8211; &#8211; &#8211;<\/p>\n<p><a href=\"http:\/\/Dalloz.fr\" target=\"_blank\" rel=\"noopener noreferrer\"><img loading=\"lazy\" class=\"alignnone wp-image-101\" src=\"http:\/\/deprez.lu\/wp-content\/uploads\/2017\/07\/6_20130705_logo_dalloz-300x126.jpg\" alt=\"\" width=\"107\" height=\"45\" srcset=\"https:\/\/deprez.lu\/wp-content\/uploads\/2017\/07\/6_20130705_logo_dalloz-300x126.jpg 300w, https:\/\/deprez.lu\/wp-content\/uploads\/2017\/07\/6_20130705_logo_dalloz.jpg 472w\" sizes=\"(max-width: 107px) 100vw, 107px\" \/><\/a>\u00a0\u00a0 La base de donn\u00e9es juridique de l&rsquo;\u00e9diteur Dalloz est Dalloz.fr, contenant les fonds \u00e9ditoriaux Dalloz pour vos recherches documentaires : les codes, les revues, l\u2019encyclop\u00e9die, les ouvrages professionnels, les formulaires, les archives de Dalloz actualit\u00e9, Dalloz jurisprudence.<\/p>\n<p>Descriptif jurisguide :\u00a0 <a href=\"http:\/\/deprez.lu\/wp-content\/uploads\/2017\/08\/dalloz-fr-jurisguide.pdf\" target=\"_blank\" rel=\"noopener noreferrer\"><img loading=\"lazy\" class=\"alignnone wp-image-285\" src=\"http:\/\/deprez.lu\/wp-content\/uploads\/2017\/07\/pdf.png\" alt=\"\" width=\"25\" height=\"25\" srcset=\"https:\/\/deprez.lu\/wp-content\/uploads\/2017\/07\/pdf.png 300w, https:\/\/deprez.lu\/wp-content\/uploads\/2017\/07\/pdf-150x150.png 150w\" sizes=\"(max-width: 25px) 100vw, 25px\" \/><\/a>\u00a0\u00a0 Aide Dalloz sur le moteur de recherche : <a href=\"http:\/\/deprez.lu\/wp-content\/uploads\/2017\/08\/Aide-recherche-Dalloz.pdf\" target=\"_blank\" rel=\"noopener noreferrer\"><img loading=\"lazy\" class=\"alignnone wp-image-285\" src=\"http:\/\/deprez.lu\/wp-content\/uploads\/2017\/07\/pdf.png\" alt=\"\" width=\"25\" height=\"25\" srcset=\"https:\/\/deprez.lu\/wp-content\/uploads\/2017\/07\/pdf.png 300w, https:\/\/deprez.lu\/wp-content\/uploads\/2017\/07\/pdf-150x150.png 150w\" sizes=\"(max-width: 25px) 100vw, 25px\" \/><\/a><\/p>\n<p>&nbsp;<\/p>\n<p>&nbsp;<\/p>\n<p><a href=\"http:\/\/www.lexisnexis.fr\/solutions\/inforecherche\/revues\/index.html\" target=\"_blank\" rel=\"noopener noreferrer\"><img loading=\"lazy\" class=\"alignnone wp-image-102\" src=\"http:\/\/deprez.lu\/wp-content\/uploads\/2017\/07\/logo-lexisnexis_16386034134_o-300x68.jpg\" alt=\"\" width=\"203\" height=\"46\" srcset=\"https:\/\/deprez.lu\/wp-content\/uploads\/2017\/07\/logo-lexisnexis_16386034134_o-300x68.jpg 300w, https:\/\/deprez.lu\/wp-content\/uploads\/2017\/07\/logo-lexisnexis_16386034134_o-768x175.jpg 768w, https:\/\/deprez.lu\/wp-content\/uploads\/2017\/07\/logo-lexisnexis_16386034134_o-800x182.jpg 800w, https:\/\/deprez.lu\/wp-content\/uploads\/2017\/07\/logo-lexisnexis_16386034134_o.jpg 835w\" sizes=\"(max-width: 203px) 100vw, 203px\" \/><\/a> \u00a0 La base de donn\u00e9e de l&rsquo;\u00e9diteur LexisNexis se nomme Lexis 360\u00ae, laquelle vous donne acc\u00e8s (via un simple navigateur Web) \u00e0 un syst\u00e8me documentaire complet et unique afin de r\u00e9pondre \u00e0 toutes vos questions juridiques quels que soient vos domaines d&rsquo;activit\u00e9 :<\/p>\n<p>Descriptif jurisguide :\u00a0 <a href=\"http:\/\/deprez.lu\/wp-content\/uploads\/2017\/08\/lexis-360-jurisguide.pdf\" target=\"_blank\" rel=\"noopener noreferrer\"><img loading=\"lazy\" class=\"alignnone wp-image-285\" src=\"http:\/\/deprez.lu\/wp-content\/uploads\/2017\/07\/pdf.png\" alt=\"\" width=\"25\" height=\"25\" srcset=\"https:\/\/deprez.lu\/wp-content\/uploads\/2017\/07\/pdf.png 300w, https:\/\/deprez.lu\/wp-content\/uploads\/2017\/07\/pdf-150x150.png 150w\" sizes=\"(max-width: 25px) 100vw, 25px\" \/><\/a><\/p>\n<p>&nbsp;<\/p>\n<p>&nbsp;<\/p>\n<p><a href=\"http:\/\/newip.doctrinalplus.fr.proxy.bnl.lu\/doctrinal\/simple\" target=\"_blank\" rel=\"noopener noreferrer\"><img loading=\"lazy\" class=\"alignnone wp-image-103\" src=\"http:\/\/deprez.lu\/wp-content\/uploads\/2017\/07\/doctrinal-plus-300x118.png\" alt=\"\" width=\"168\" height=\"66\" srcset=\"https:\/\/deprez.lu\/wp-content\/uploads\/2017\/07\/doctrinal-plus-300x118.png 300w, https:\/\/deprez.lu\/wp-content\/uploads\/2017\/07\/doctrinal-plus-768x302.png 768w, https:\/\/deprez.lu\/wp-content\/uploads\/2017\/07\/doctrinal-plus-800x315.png 800w, https:\/\/deprez.lu\/wp-content\/uploads\/2017\/07\/doctrinal-plus-776x310.png 776w, https:\/\/deprez.lu\/wp-content\/uploads\/2017\/07\/doctrinal-plus.png 941w\" sizes=\"(max-width: 168px) 100vw, 168px\" \/><\/a>\u00a0\u00a0\u00a0 Doctrinal Plus est une base de recherche doctrinale. Elle a l&rsquo;avantage de compiler les r\u00e9f\u00e9rences doctrinales des divers \u00e9diteurs juridiques (plus rarement, elle offre l&rsquo;acc\u00e8s au texe int\u00e9gral), afin d&rsquo;avoir une vue d&rsquo;ensemble des ressources existantes sur une recherche.<\/p>\n<p>Descriptif jurisguide :\u00a0 <a href=\"http:\/\/deprez.lu\/wp-content\/uploads\/2017\/08\/le-doctrinal-plus-jurisguide.pdf\" target=\"_blank\" rel=\"noopener noreferrer\"><img loading=\"lazy\" class=\"alignnone wp-image-285\" src=\"http:\/\/deprez.lu\/wp-content\/uploads\/2017\/07\/pdf.png\" alt=\"\" width=\"25\" height=\"25\" srcset=\"https:\/\/deprez.lu\/wp-content\/uploads\/2017\/07\/pdf.png 300w, https:\/\/deprez.lu\/wp-content\/uploads\/2017\/07\/pdf-150x150.png 150w\" sizes=\"(max-width: 25px) 100vw, 25px\" \/><\/a> Liste des revues disponibles sous forme de r\u00e9f\u00e9rences : <a href=\"http:\/\/www.transactive.fr\/transactive\/revues.shtml\" target=\"_blank\" rel=\"noopener noreferrer\"><img loading=\"lazy\" class=\"alignnone wp-image-285\" src=\"http:\/\/deprez.lu\/wp-content\/uploads\/2017\/07\/pdf.png\" alt=\"\" width=\"25\" height=\"25\" srcset=\"https:\/\/deprez.lu\/wp-content\/uploads\/2017\/07\/pdf.png 300w, https:\/\/deprez.lu\/wp-content\/uploads\/2017\/07\/pdf-150x150.png 150w\" sizes=\"(max-width: 25px) 100vw, 25px\" \/><\/a><\/p>\n<p>&nbsp;<\/p>\n<p>&nbsp;<\/p>\n<p><a href=\"https:\/\/www.lextenso.fr\/\" target=\"_blank\" rel=\"noopener noreferrer\"><img loading=\"lazy\" class=\"alignnone wp-image-104\" src=\"http:\/\/deprez.lu\/wp-content\/uploads\/2017\/07\/logo-300x69.png\" alt=\"\" width=\"187\" height=\"43\" srcset=\"https:\/\/deprez.lu\/wp-content\/uploads\/2017\/07\/logo-300x69.png 300w, https:\/\/deprez.lu\/wp-content\/uploads\/2017\/07\/logo.png 344w\" sizes=\"(max-width: 187px) 100vw, 187px\" \/><\/a>\u00a0\u00a0 Avec Lextenso, cr\u00e9ez votre base juridique sur mesure et b\u00e9n\u00e9ficiez de toute l&rsquo;expertise LGDJ, Gazette du Palais, Defr\u00e9nois, Joly et Petites Affiches.<\/p>\n<p>Descriptif jurisguide :\u00a0 <a href=\"http:\/\/deprez.lu\/wp-content\/uploads\/2017\/08\/lextenso-jurisguide.pdf\" target=\"_blank\" rel=\"noopener noreferrer\"><img loading=\"lazy\" class=\"alignnone wp-image-285\" src=\"http:\/\/deprez.lu\/wp-content\/uploads\/2017\/07\/pdf.png\" alt=\"\" width=\"25\" height=\"25\" srcset=\"https:\/\/deprez.lu\/wp-content\/uploads\/2017\/07\/pdf.png 300w, https:\/\/deprez.lu\/wp-content\/uploads\/2017\/07\/pdf-150x150.png 150w\" sizes=\"(max-width: 25px) 100vw, 25px\" \/><\/a><\/p>\n<p>&nbsp;<\/p>\n<p><a href=\"http:\/\/boutique.efl.fr\/documentation\/par-gamme\/navis.html\" target=\"_blank\" rel=\"noopener noreferrer\"><img loading=\"lazy\" class=\"alignnone wp-image-105\" src=\"http:\/\/deprez.lu\/wp-content\/uploads\/2017\/07\/Logo_EFL_Baseline_Posi_RVB.jpg\" alt=\"\" width=\"100\" height=\"80\" \/><\/a>\u00a0\u00a0\u00a0 Un fonds documentaire juridique comment\u00e9 et analys\u00e9 par 150 r\u00e9dacteurs juridiques. Directement accessible en ligne, Navis est la solution qui vous assure une gestion efficace et fiable de tous les aspects juridiques de votre structure.<\/p>\n<p>Descriptif jurisguide :\u00a0 <a href=\"http:\/\/deprez.lu\/wp-content\/uploads\/2017\/08\/portail-editions-francis-lefebvre-navis-jurisguide.pdf\" target=\"_blank\" rel=\"noopener noreferrer\"><img loading=\"lazy\" class=\"alignnone wp-image-285\" src=\"http:\/\/deprez.lu\/wp-content\/uploads\/2017\/07\/pdf.png\" alt=\"\" width=\"25\" height=\"25\" srcset=\"https:\/\/deprez.lu\/wp-content\/uploads\/2017\/07\/pdf.png 300w, https:\/\/deprez.lu\/wp-content\/uploads\/2017\/07\/pdf-150x150.png 150w\" sizes=\"(max-width: 25px) 100vw, 25px\" \/><\/a><\/p>\n<p>&nbsp;<\/p>\n<p>&nbsp;<\/p>\n<p><a href=\"http:\/\/www.toutsurlamyline.fr\/lamyline-doctrine-fonds-lamy-liaisons-sociales.html\" target=\"_blank\" rel=\"noopener noreferrer\"><img loading=\"lazy\" class=\"alignnone wp-image-106\" src=\"http:\/\/deprez.lu\/wp-content\/uploads\/2017\/07\/logo-lamyline.png\" alt=\"\" width=\"205\" height=\"94\" \/><\/a> \u00a0 La richesse des contenus lamy et liaisons sociales<\/p>\n<div class=\"col-md-12\">\n<div class=\"container\">\n<div class=\"cartouchePlus\">\n<ul>\n<li>Plus de 110 publications<\/li>\n<li>R\u00e9dig\u00e9s, comment\u00e9s et mis \u00e0 jour par de nombreux auteurs et experts<\/li>\n<li>Jusqu&rsquo;\u00e0 26 ans d&rsquo;anciennet\u00e9<\/li>\n<\/ul>\n<p>Descriptif jurisguide :\u00a0 <a href=\"http:\/\/deprez.lu\/wp-content\/uploads\/2017\/08\/lamyline-jurisguide.pdf\" target=\"_blank\" rel=\"noopener noreferrer\"><img loading=\"lazy\" class=\"alignnone wp-image-285\" src=\"http:\/\/deprez.lu\/wp-content\/uploads\/2017\/07\/pdf.png\" alt=\"\" width=\"25\" height=\"25\" srcset=\"https:\/\/deprez.lu\/wp-content\/uploads\/2017\/07\/pdf.png 300w, https:\/\/deprez.lu\/wp-content\/uploads\/2017\/07\/pdf-150x150.png 150w\" sizes=\"(max-width: 25px) 100vw, 25px\" \/><\/a><\/p>\n<\/div>\n<\/div>\n<\/div>\n            ","protected":false},"excerpt":{"rendered":"<p>Les articles de doctrines, source INDISPENSABLE pour la recherche, sont publi\u00e9s dans des revues juridiques sp\u00e9calis\u00e9es, lesquelles sont accessible : soit sous format papier, empruntable \u00e0 la biblioth\u00e8que ou dans le cadre d&rsquo;un abonnement personnel soit via des bases de donn\u00e9es d&rsquo;\u00e9diteurs juiridiques. La seconde option, offerte par les nouvelles technologies, est \u00e9videmment beaucoup plus performante, offrant les fonctionnalit\u00e9s de<\/p>\n<p><a class=\"more-link\" href=\"https:\/\/deprez.lu\/index.php\/ressources-documentaires\/support-de-cours-seminaire-bamako\/revues-juridiques\/\">Read More<\/a><\/p>\n","protected":false},"author":1,"featured_media":0,"parent":486,"menu_order":0,"comment_status":"closed","ping_status":"closed","template":"","meta":[],"_links":{"self":[{"href":"https:\/\/deprez.lu\/index.php\/wp-json\/wp\/v2\/pages\/79"}],"collection":[{"href":"https:\/\/deprez.lu\/index.php\/wp-json\/wp\/v2\/pages"}],"about":[{"href":"https:\/\/deprez.lu\/index.php\/wp-json\/wp\/v2\/types\/page"}],"author":[{"embeddable":true,"href":"https:\/\/deprez.lu\/index.php\/wp-json\/wp\/v2\/users\/1"}],"replies":[{"embeddable":true,"href":"https:\/\/deprez.lu\/index.php\/wp-json\/wp\/v2\/comments?post=79"}],"version-history":[{"count":38,"href":"https:\/\/deprez.lu\/index.php\/wp-json\/wp\/v2\/pages\/79\/revisions"}],"predecessor-version":[{"id":349,"href":"https:\/\/deprez.lu\/index.php\/wp-json\/wp\/v2\/pages\/79\/revisions\/349"}],"up":[{"embeddable":true,"href":"https:\/\/deprez.lu\/index.php\/wp-json\/wp\/v2\/pages\/486"}],"wp:attachment":[{"href":"https:\/\/deprez.lu\/index.php\/wp-json\/wp\/v2\/media?parent=79"}],"curies":[{"name":"wp","href":"https:\/\/api.w.org\/{rel}","templated":true}]}}