{"id":553,"date":"2021-04-18T13:16:22","date_gmt":"2021-04-18T11:16:22","guid":{"rendered":"http:\/\/deprez.lu\/?page_id=553"},"modified":"2021-04-18T15:58:49","modified_gmt":"2021-04-18T13:58:49","slug":"vue-densemble-et-tentative-de-classification-des-normes-liees-a-un-examen-de-proportionnalite","status":"publish","type":"page","link":"https:\/\/deprez.lu\/index.php\/vue-densemble-et-tentative-de-classification-des-normes-liees-a-un-examen-de-proportionnalite\/","title":{"rendered":"Vue d&rsquo;ensemble et tentative de classification des normes li\u00e9es \u00e0 un examen de proportionnalit\u00e9"},"content":{"rendered":"<p><iframe loading=\"lazy\" src=\"https:\/\/docs.google.com\/spreadsheets\/d\/e\/2PACX-1vQrdcmg-aFsjsVSwcjG2Gzo7IpzVBWyd78Nbcv6-_QbEfulo_pioqALh5jixdUPc8-BDfySO9xzxiPQ\/pubhtml?gid=1009012057&amp;single=true&amp;widget=true&amp;headers=false\"range= \"B2:I28\"; width=\"3500\" height=\"800\"><\/iframe><\/p>\n            ","protected":false},"excerpt":{"rendered":"","protected":false},"author":1,"featured_media":0,"parent":0,"menu_order":0,"comment_status":"closed","ping_status":"closed","template":"","meta":[],"_links":{"self":[{"href":"https:\/\/deprez.lu\/index.php\/wp-json\/wp\/v2\/pages\/553"}],"collection":[{"href":"https:\/\/deprez.lu\/index.php\/wp-json\/wp\/v2\/pages"}],"about":[{"href":"https:\/\/deprez.lu\/index.php\/wp-json\/wp\/v2\/types\/page"}],"author":[{"embeddable":true,"href":"https:\/\/deprez.lu\/index.php\/wp-json\/wp\/v2\/users\/1"}],"replies":[{"embeddable":true,"href":"https:\/\/deprez.lu\/index.php\/wp-json\/wp\/v2\/comments?post=553"}],"version-history":[{"count":3,"href":"https:\/\/deprez.lu\/index.php\/wp-json\/wp\/v2\/pages\/553\/revisions"}],"predecessor-version":[{"id":597,"href":"https:\/\/deprez.lu\/index.php\/wp-json\/wp\/v2\/pages\/553\/revisions\/597"}],"wp:attachment":[{"href":"https:\/\/deprez.lu\/index.php\/wp-json\/wp\/v2\/media?parent=553"}],"curies":[{"name":"wp","href":"https:\/\/api.w.org\/{rel}","templated":true}]}}