{"id":550,"date":"2021-04-18T13:08:32","date_gmt":"2021-04-18T11:08:32","guid":{"rendered":"http:\/\/deprez.lu\/?page_id=550"},"modified":"2021-04-18T13:08:32","modified_gmt":"2021-04-18T11:08:32","slug":"comparaison-de-lexamen-de-proportionnalite-au-sens-general-ou-dans-le-cadre-de-larticle-10bis-de-la-constitution","status":"publish","type":"page","link":"https:\/\/deprez.lu\/index.php\/comparaison-de-lexamen-de-proportionnalite-au-sens-general-ou-dans-le-cadre-de-larticle-10bis-de-la-constitution\/","title":{"rendered":"Comparaison de l&rsquo;examen de proportionnalit\u00e9 au sens g\u00e9n\u00e9ral ou dans le cadre de l&rsquo;article 10bis de la Constitution"},"content":{"rendered":"            ","protected":false},"excerpt":{"rendered":"","protected":false},"author":1,"featured_media":0,"parent":0,"menu_order":0,"comment_status":"closed","ping_status":"closed","template":"","meta":[],"_links":{"self":[{"href":"https:\/\/deprez.lu\/index.php\/wp-json\/wp\/v2\/pages\/550"}],"collection":[{"href":"https:\/\/deprez.lu\/index.php\/wp-json\/wp\/v2\/pages"}],"about":[{"href":"https:\/\/deprez.lu\/index.php\/wp-json\/wp\/v2\/types\/page"}],"author":[{"embeddable":true,"href":"https:\/\/deprez.lu\/index.php\/wp-json\/wp\/v2\/users\/1"}],"replies":[{"embeddable":true,"href":"https:\/\/deprez.lu\/index.php\/wp-json\/wp\/v2\/comments?post=550"}],"version-history":[{"count":1,"href":"https:\/\/deprez.lu\/index.php\/wp-json\/wp\/v2\/pages\/550\/revisions"}],"predecessor-version":[{"id":552,"href":"https:\/\/deprez.lu\/index.php\/wp-json\/wp\/v2\/pages\/550\/revisions\/552"}],"wp:attachment":[{"href":"https:\/\/deprez.lu\/index.php\/wp-json\/wp\/v2\/media?parent=550"}],"curies":[{"name":"wp","href":"https:\/\/api.w.org\/{rel}","templated":true}]}}