{"id":470,"date":"2021-04-18T07:23:26","date_gmt":"2021-04-18T05:23:26","guid":{"rendered":"http:\/\/deprez.lu\/?page_id=470"},"modified":"2021-04-18T07:23:26","modified_gmt":"2021-04-18T05:23:26","slug":"proportionnalite-ressources-interactives","status":"publish","type":"page","link":"https:\/\/deprez.lu\/index.php\/proportionnalite-ressources-interactives\/","title":{"rendered":"Proportionnalit\u00e9 &#8211; ressources interactives"},"content":{"rendered":"<p style=\"text-align: center;\"><span style=\"color: #993300;\">Vous trouverez ici l\u2019ensemble des tableaux et ressources li\u00e9es au sujet du <em>\u00ab Conseil d\u2019\u00c9tat et le contr\u00f4le de la proportionnalit\u00e9 \u00bb<\/em> disponible pour consultation<\/span><\/p>\n            ","protected":false},"excerpt":{"rendered":"<p>Vous trouverez ici l\u2019ensemble des tableaux et ressources li\u00e9es au sujet du \u00ab Conseil d\u2019\u00c9tat et le contr\u00f4le de la proportionnalit\u00e9 \u00bb disponible pour consultation<\/p>\n","protected":false},"author":1,"featured_media":0,"parent":0,"menu_order":0,"comment_status":"closed","ping_status":"closed","template":"","meta":[],"_links":{"self":[{"href":"https:\/\/deprez.lu\/index.php\/wp-json\/wp\/v2\/pages\/470"}],"collection":[{"href":"https:\/\/deprez.lu\/index.php\/wp-json\/wp\/v2\/pages"}],"about":[{"href":"https:\/\/deprez.lu\/index.php\/wp-json\/wp\/v2\/types\/page"}],"author":[{"embeddable":true,"href":"https:\/\/deprez.lu\/index.php\/wp-json\/wp\/v2\/users\/1"}],"replies":[{"embeddable":true,"href":"https:\/\/deprez.lu\/index.php\/wp-json\/wp\/v2\/comments?post=470"}],"version-history":[{"count":1,"href":"https:\/\/deprez.lu\/index.php\/wp-json\/wp\/v2\/pages\/470\/revisions"}],"predecessor-version":[{"id":471,"href":"https:\/\/deprez.lu\/index.php\/wp-json\/wp\/v2\/pages\/470\/revisions\/471"}],"wp:attachment":[{"href":"https:\/\/deprez.lu\/index.php\/wp-json\/wp\/v2\/media?parent=470"}],"curies":[{"name":"wp","href":"https:\/\/api.w.org\/{rel}","templated":true}]}}