{"id":125,"date":"2017-07-27T09:20:40","date_gmt":"2017-07-27T07:20:40","guid":{"rendered":"http:\/\/deprez.lu\/?page_id=125"},"modified":"2021-04-18T09:00:01","modified_gmt":"2021-04-18T07:00:01","slug":"sites-de-doctrine-libres-quelques-exemples","status":"publish","type":"page","link":"https:\/\/deprez.lu\/index.php\/ressources-documentaires\/support-de-cours-seminaire-bamako\/ressources-officielles-et-doctrinales-libres\/sites-de-doctrine-libres-quelques-exemples\/","title":{"rendered":"Doctrines &#038; th\u00e8ses libres"},"content":{"rendered":"<p>En bas de cette page, vous trouverez des sites o\u00f9 sont collect\u00e9es les r\u00e9f\u00e9rences de th\u00e8ses publi\u00e9es ou en cours, incluant parfois le document lui-m\u00eame.<\/p>\n<p>Surtout, en plus de revues sp\u00e9cialis\u00e9es en libre acc\u00e8s dont vous trouverez des exemples sur l&rsquo;excellent site de precisement.org, accessible au <a href=\"http:\/\/www.precisement.org\/blog\/Revues-juridiques-en-acces-gratuit-une-selection.html\">lien suivant<\/a>, il existe certains sites vous permettant d&rsquo;acc\u00e9der gratuitement \u00e0 de la doctrine en ligne, ou tout au moins aux r\u00e9f\u00e9rences doctrinales. En voici un \u00e9chantillon :<\/p>\n<p style=\"text-align: center;\"><span style=\"color: #993366;\"><strong>Avant-propos<\/strong><\/span><\/p>\n<p style=\"text-align: center;\"><span style=\"color: #993366;\"><strong>Remarques g\u00e9n\u00e9rales sur l&rsquo;utilisation d&rsquo;un moteur de recherche internet pour ses recherches<br \/>\n<\/strong><\/span><\/p>\n<p style=\"text-align: left;\">Il est bien connu que sur internet, on trouve le meilleur et le pire. Si l&rsquo;usage n&rsquo;est pas <em>a priori<\/em> \u00e0 conseiller pour un chercheur dans la mesure o\u00f9 :<\/p>\n<ul>\n<li style=\"text-align: left;\">d&rsquo;une part ce n&rsquo;est pas sur l&rsquo;internet libre que se trouvent l&rsquo;essentiel de l&rsquo;information trait\u00e9e de mani\u00e8re scientifique par des sp\u00e9cialistes et chercheurs, mais sur les bases de donn\u00e9es sp\u00e9cialis\u00e9es<\/li>\n<li style=\"text-align: left;\">d&rsquo;autre part, le moteur de recherche va fournir un nombre consid\u00e9rable d&rsquo;informations sur un contenu consid\u00e9rable, en mettant certaines en avant selon des crit\u00e8res qui ne sont pas li\u00e9s \u00e0 leur valeur scientifique. Le risque est d&rsquo;avoir des informations non viables,\u00a0 pas ou mal sourc\u00e9es, utilis\u00e9es de mani\u00e8re non scientifique, non pertinente ni compl\u00e8te, et de ne pas trouver une information qui pourrait \u00eatre int\u00e9rressante, car elle est noy\u00e9e sous une multitudes d&rsquo;autres d\u00e9nu\u00e9es d&rsquo;int\u00e9r\u00eat.<\/li>\n<\/ul>\n<p>==&gt; Dans tous les cas, il faut que le chercheur analyse le cadre, la viabilit\u00e9, la pertinence, la valeur, le caract\u00e8re complet et exacte de l&rsquo;information, bref, qu&rsquo;il la p\u00e8se et en \u00e9value l&rsquo;apport et la valeur pour ce qu&rsquo;il recherche.<\/p>\n<p>Ceci \u00e9tant dit, le bon usage des op\u00e9rateurs, de la recherche avanc\u00e9e, du type de document peut tout d&rsquo;abord permettre de trouver des ressources tr\u00e8s int\u00e9ressantes, qu&rsquo;il s&rsquo;agisse de doctrine, de faits, de pr\u00e9sentations d&rsquo;experts, de colloques etc&#8230;, et permet ensuite parfois d&rsquo;orienter sa recherche ou de trouver les bons mots clefs (de <em>\u00ab\u00a0d\u00e9broussailler<\/em>\u00ab\u00a0) avant de poursuivre une recherche sur des sites sp\u00e9cialis\u00e9s pour acc\u00e9der aux v\u00e9ritables sources et au traitement scientifique de l&rsquo;information.<\/p>\n<p>I&rsquo;internet, avec toutes les pr\u00e9cautions qu&rsquo;une telle ressource implique, est par cons\u00e9quent loin d&rsquo;\u00eatre une ressource \u00e0 n\u00e9gliger, mais n&rsquo;est toutefois pas celle finale du chercheur pour trouver l&rsquo;information ad\u00e9quate.<\/p>\n<p style=\"text-align: center;\"><span style=\"color: #993366;\"><strong>I \/ Doctrine francophone<\/strong><\/span><\/p>\n<p style=\"text-align: left;\"><em><strong>Gallica<\/strong><\/em><\/p>\n<p style=\"text-align: left;\"><a href=\"http:\/\/gallica.bnf.fr\/services\/engine\/search\/advancedSearch\/\" target=\"_blank\" rel=\"noopener noreferrer\"><img loading=\"lazy\" class=\"alignnone wp-image-263\" src=\"http:\/\/deprez.lu\/wp-content\/uploads\/2017\/07\/Gallica.png\" alt=\"\" width=\"60\" height=\"37\" srcset=\"https:\/\/deprez.lu\/wp-content\/uploads\/2017\/07\/Gallica.png 151w, https:\/\/deprez.lu\/wp-content\/uploads\/2017\/07\/Gallica-150x93.png 150w\" sizes=\"(max-width: 60px) 100vw, 60px\" \/><\/a>\u00a0 Gallica est la biblioth\u00e8que num\u00e9rique de la Biblioth\u00e8que nationale de France et de ses partenaires. En ligne depuis 1997, elle s\u2019enrichit chaque semaine de milliers de nouveaut\u00e9s et offre aujourd\u2019hui acc\u00e8s \u00e0 plusieurs millions de documents.<\/p>\n<p style=\"text-align: left;\">Elle est particuli\u00e8rement utile pour trouver des sources doctrinales anciennes, depuis tomb\u00e9es dans le domaine public mais de grande importance scientifique, num\u00e9ris\u00e9es par la Biblioth\u00e8que nationale de France.<\/p>\n<p style=\"text-align: left;\"><em><strong>Henri Capitant<br \/>\n<\/strong><\/em><\/p>\n<p style=\"text-align: center;\"><a href=\"http:\/\/www.henricapitant.org\/\" target=\"_blank\" rel=\"noopener noreferrer\"><img loading=\"lazy\" class=\"alignleft wp-image-223\" src=\"http:\/\/deprez.lu\/wp-content\/uploads\/2017\/07\/logo.jpg\" alt=\"\" width=\"130\" height=\"43\" \/><\/a><\/p>\n<p style=\"text-align: left;\">L&rsquo;association Henri capitant oeuvre depuis plus de 80 ans \u00e0 la promotion, la diffusion et la modernisation des droits de tradition civiliste. Le site permet d&rsquo;acc\u00e9der \u00e0 des rapports de droit compar\u00e9 des pays civilistes sur des sujets pr\u00e9cis<\/p>\n<p><em><strong>Pers\u00e9e<\/strong> <\/em><\/p>\n<p><a href=\"http:\/\/www.persee.fr\/collections?d=105\" target=\"_blank\" rel=\"noopener noreferrer\"><img loading=\"lazy\" class=\"alignnone wp-image-131\" src=\"http:\/\/deprez.lu\/wp-content\/uploads\/2017\/07\/persee.png\" alt=\"\" width=\"51\" height=\"51\" srcset=\"https:\/\/deprez.lu\/wp-content\/uploads\/2017\/07\/persee.png 296w, https:\/\/deprez.lu\/wp-content\/uploads\/2017\/07\/persee-150x150.png 150w\" sizes=\"(max-width: 51px) 100vw, 51px\" \/><\/a>\u00a0 est un \u00ab\u00a0portail de diffusion de publications scientifiques\u00a0\u00bb<\/p>\n<p>&nbsp;<\/p>\n<p><em><strong>Revues.org<\/strong> <\/em><\/p>\n<p><a href=\"http:\/\/www.openedition.org\/catalogue-journals?limit=30&amp;discipline%5B%5D=Law+%28General%29\" target=\"_blank\" rel=\"noopener noreferrer\"><img loading=\"lazy\" class=\"alignnone wp-image-133\" src=\"http:\/\/deprez.lu\/wp-content\/uploads\/2017\/07\/logo_revues-300x72.png\" alt=\"\" width=\"100\" height=\"24\" srcset=\"https:\/\/deprez.lu\/wp-content\/uploads\/2017\/07\/logo_revues-300x72.png 300w, https:\/\/deprez.lu\/wp-content\/uploads\/2017\/07\/logo_revues.png 303w\" sizes=\"(max-width: 100px) 100vw, 100px\" \/><\/a>\u00a0 est un \u00ab\u00a0portail de revues en sciences humaines et sociales\u00a0\u00bb,<\/p>\n<p>&nbsp;<\/p>\n<p><em><strong>HAL<\/strong><\/em><\/p>\n<p><a href=\"https:\/\/hal.archives-ouvertes.fr\/search\/index\/q\/%2A\/domain_t\/shs.droit\/\" target=\"_blank\" rel=\"noopener noreferrer\"><img loading=\"lazy\" class=\"alignnone wp-image-135\" src=\"http:\/\/deprez.lu\/wp-content\/uploads\/2017\/07\/LogoHAL.png\" alt=\"\" width=\"68\" height=\"38\" \/><\/a>\u00a0 est une \u00ab\u00a0archive ouverte destin\u00e9e au d\u00e9p\u00f4t et \u00e0 la diffusion d\u2019articles scientifiques\u00a0\u00bb<\/p>\n<p><!-- cairn-build :: [cairn-release-78-cairn] --> <!-- CSS starts here --> <!-- CSS ends here --> <!-- WEBTRENDS metadata starts here --> <!-- WEBTRENDS metadata ends here --><\/p>\n<div id=\"contenu\">\n<div id=\"body-content\">\n<div id=\"free_text\">\n<div class=\"articleBody\">\n<p>&nbsp;<\/p>\n<p><em><strong>Cairn<\/strong><\/em><\/p>\n<p><a href=\"http:\/\/www.cairn.info\/disc-droit.htm\" target=\"_blank\" rel=\"noopener noreferrer\"> <img loading=\"lazy\" class=\"alignnone wp-image-132\" src=\"http:\/\/deprez.lu\/wp-content\/uploads\/2017\/07\/logo-cairn.png\" alt=\"\" width=\"89\" height=\"32\" \/><\/a>\u00a0 propose aux particuliers \u00ab\u00a0d\u2019acc\u00e9der en ligne \u00e0 un nombre croissant de publications en sciences humaines et sociales, en fran\u00e7ais, en texte int\u00e9gral.\u00a0\u00bb<\/p>\n<p><a href=\"http:\/\/leris.uni.lu\" target=\"_blank\" rel=\"noopener noreferrer\"><em><strong>LERIS<span style=\"text-decoration: underline;\">\u00a0<\/span> <\/strong><\/em><\/a>\u00ab\u00a0LERIS (Letzebuerger Rechts Informations System) est une base bibliographique portant sur la doctrine juridique luxembourgeoise\u00a0\u00bb<\/p>\n<\/div>\n<div class=\"articleBody\">\n<p><em><strong>Google Scholar<\/strong><\/em><\/p>\n<p><a href=\"http:\/\/scholar.google.fr\/\" target=\"_blank\" rel=\"noopener noreferrer\"><img loading=\"lazy\" class=\"alignnone wp-image-137\" src=\"http:\/\/deprez.lu\/wp-content\/uploads\/2017\/07\/Google-Scholar-Logo.jpg\" alt=\"\" width=\"77\" height=\"51\" \/><\/a>\u00a0\u00a0 \u00ab\u00a0Ce service produit par Google permet de rechercher des articles, des th\u00e8ses et des livres scientifiques. Il est possible de consulter le texte int\u00e9gral de certaines des ressources pr\u00e9sentes dans la base.\u00a0\u00bb<\/p>\n<\/div>\n<p><em><strong>Google books<\/strong><\/em><\/p>\n<p><a href=\"https:\/\/books.google.com\/?hl=fr\" target=\"_blank\" rel=\"noopener noreferrer\"><img loading=\"lazy\" class=\"alignnone wp-image-264\" src=\"http:\/\/deprez.lu\/wp-content\/uploads\/2017\/07\/googlelogo_color_272x92dp-300x101.png\" alt=\"\" width=\"95\" height=\"32\" srcset=\"https:\/\/deprez.lu\/wp-content\/uploads\/2017\/07\/googlelogo_color_272x92dp-300x101.png 300w, https:\/\/deprez.lu\/wp-content\/uploads\/2017\/07\/googlelogo_color_272x92dp.png 544w\" sizes=\"(max-width: 95px) 100vw, 95px\" \/><\/a>\u00a0 Effectuez des recherches dans l&rsquo;index de livres complets le plus fourni au monde.<\/p>\n<p>L&rsquo;avantage de google books n&rsquo;est pas d&rsquo;obtenir des documents complets (sauf pour des textes libres de droits ou tomb\u00e9s dans le domaine public), mais d&rsquo;effectuer des recherches dans le coeur d&rsquo;ouvrages, m\u00eame si le format n&rsquo;est pas exportable. Ces fonctionnalit\u00e9s permettent la consultation de passages, mais aussi de s&rsquo;assurer d&rsquo;une citation correcte de r\u00e9f\u00e9rences.<\/p>\n<div class=\"articleBody\">\n<p style=\"text-align: center;\"><span style=\"color: #993366;\"><strong>II \/ Doctrine principalement anglophone<br \/>\n<\/strong><\/span><\/p>\n<p><em><strong>SSRN<\/strong><\/em><\/p>\n<p><a href=\"https:\/\/www.ssrn.com\/en\/index.cfm\/lsn\/\" target=\"_blank\" rel=\"noopener noreferrer\"><img loading=\"lazy\" class=\"alignnone wp-image-136\" src=\"http:\/\/deprez.lu\/wp-content\/uploads\/2017\/07\/SSRN.jpg\" alt=\"\" width=\"65\" height=\"57\" \/><\/a>\u00a0 \u00ab\u00a0La biblioth\u00e8que ssrn (principalement anglophone), met \u00e0 disposition pr\u00e8s de 800000 articles scientifiques dans 30 disciplines.\u00a0\u00bb<\/p>\n<\/div>\n<p><em><strong>Directory of open access journals (DOAJ)<\/strong><\/em><\/p>\n<p><a href=\"https:\/\/doaj.org\/search?source=%7B%22query%22%3A%7B%22filtered%22%3A%7B%22query%22%3A%7B%22match_all%22%3A%7B%7D%7D%2C%22filter%22%3A%7B%22bool%22%3A%7B%22must%22%3A%5B%7B%22term%22%3A%7B%22index.classification.exact%22%3A%22Law%22%7D%7D%5D%7D%7D%7D%7D%7D#.WXmnAma7p1M\" target=\"_blank\" rel=\"noopener noreferrer\"><img loading=\"lazy\" class=\"alignnone wp-image-138\" src=\"http:\/\/deprez.lu\/wp-content\/uploads\/2017\/07\/logo_DOAJ-300x55.jpg\" alt=\"\" width=\"153\" height=\"28\" srcset=\"https:\/\/deprez.lu\/wp-content\/uploads\/2017\/07\/logo_DOAJ-300x55.jpg 300w, https:\/\/deprez.lu\/wp-content\/uploads\/2017\/07\/logo_DOAJ.jpg 343w\" sizes=\"(max-width: 153px) 100vw, 153px\" \/><\/a> \u00ab\u00a0DOAJ fournit un r\u00e9pertoire en ligne permettant d&rsquo;acc\u00e9der \u00e0 des journaux scientifiques de grande qualit\u00e9 en libre acc\u00e8s.\u00a0\u00bb<\/p>\n<p><em><strong>ResearchGate<\/strong><\/em><\/p>\n<\/div>\n<p><a href=\"https:\/\/www.researchgate.net\/\" target=\"_blank\" rel=\"noopener noreferrer\"><img loading=\"lazy\" class=\"alignnone wp-image-139\" src=\"http:\/\/deprez.lu\/wp-content\/uploads\/2017\/07\/ResearchGate_Logo-300x94.png\" alt=\"\" width=\"102\" height=\"32\" srcset=\"https:\/\/deprez.lu\/wp-content\/uploads\/2017\/07\/ResearchGate_Logo-300x94.png 300w, https:\/\/deprez.lu\/wp-content\/uploads\/2017\/07\/ResearchGate_Logo.png 450w\" sizes=\"(max-width: 102px) 100vw, 102px\" \/><\/a> \u00ab\u00a0d\u00e9couvrir le savoir scientifique et rendre ses recherches visibles\u00a0\u00bb<\/p>\n<p><em><strong>Academia.edu<\/strong><\/em><\/p>\n<p><a href=\"https:\/\/www.academia.edu\/\" target=\"_blank\" rel=\"noopener noreferrer\"><img loading=\"lazy\" class=\"alignnone wp-image-140\" src=\"http:\/\/deprez.lu\/wp-content\/uploads\/2017\/07\/academia-300x300.png\" alt=\"\" width=\"54\" height=\"54\" srcset=\"https:\/\/deprez.lu\/wp-content\/uploads\/2017\/07\/academia-300x300.png 300w, https:\/\/deprez.lu\/wp-content\/uploads\/2017\/07\/academia-150x150.png 150w, https:\/\/deprez.lu\/wp-content\/uploads\/2017\/07\/academia.png 512w\" sizes=\"(max-width: 54px) 100vw, 54px\" \/><\/a>\u00ab\u00a0Academia est le moyen le plus simple de partager ses articles gratuitement avec des millions de personnes dans le monde\u00a0\u00bb<\/p>\n<p><span style=\"color: #993366;\"><strong>III \/ Recherche de th\u00e8ses \/ de r\u00e9f\u00e9rences de th\u00e8ses<br \/>\n<\/strong><\/span><\/p>\n<\/div>\n<p style=\"text-align: left;\"><strong><img loading=\"lazy\" class=\"aligncenter wp-image-46\" src=\"http:\/\/deprez.lu\/wp-content\/uploads\/2017\/02\/ltf-these-doctorat.jpg\" alt=\"\" width=\"60\" height=\"55\" \/><\/strong><\/p>\n<p style=\"text-align: left;\">O\u00f9 trouver des th\u00e8ses ?<\/p>\n<p style=\"text-align: left;\"><em>Plusieurs sites permettent de prendre connaissance de la production scientifique (th\u00e8ses, m\u00e9moires&#8230;) avec parfois un acc\u00e8s au document lui-m\u00eame :<\/em><\/p>\n<p style=\"text-align: left;\"><em><strong>Th\u00e8se.fr<\/strong><\/em><span style=\"color: #0000ff;\"><em><strong><br \/>\n<\/strong><\/em><\/span><\/p>\n<p style=\"text-align: left;\"><a href=\"http:\/\/theses.fr\" target=\"_blank\" rel=\"noopener noreferrer\"><img loading=\"lazy\" class=\"alignnone wp-image-173\" src=\"http:\/\/deprez.lu\/wp-content\/uploads\/2017\/07\/theses.gif\" alt=\"\" width=\"144\" height=\"31\" \/><\/a><\/p>\n<p style=\"text-align: left;\"><em><strong>La base du SUDOC<\/strong><\/em><\/p>\n<p style=\"text-align: left;\"><a href=\"http:\/\/www.sudoc.abes.fr\" target=\"_blank\" rel=\"noopener noreferrer\"><img loading=\"lazy\" class=\"alignnone wp-image-172\" src=\"http:\/\/deprez.lu\/wp-content\/uploads\/2017\/07\/Logo_sudoc.gif\" alt=\"\" width=\"76\" height=\"71\" \/><\/a><\/p>\n<p style=\"text-align: left;\"><em><strong>Les archives ouvertes de la base TEL<\/strong><\/em><span style=\"color: #0000ff;\"><em><strong><br \/>\n<\/strong><\/em><\/span><\/p>\n<p><a href=\"https:\/\/tel.archives-ouvertes.fr\/search\/index\/q\/%2A\/domain_t\/shs.droit\/\" target=\"_blank\" rel=\"noopener noreferrer\"><img loading=\"lazy\" class=\"alignnone wp-image-174\" src=\"http:\/\/deprez.lu\/wp-content\/uploads\/2017\/07\/logo_tel.jpg\" alt=\"\" width=\"69\" height=\"48\" \/><\/a><\/p>\n<p><em><strong>Les d\u00e9p\u00f4ts universitaire de m\u00e9moire apr\u00e8s soutenance (DUMAS)<\/strong><\/em><span style=\"color: #0000ff;\"><em><strong><br \/>\n<\/strong><\/em><\/span><\/p>\n<p><a href=\"https:\/\/dumas.ccsd.cnrs.fr\/search\/index\/q\/%2A\/domain_t\/shs.droit\/\" target=\"_blank\" rel=\"noopener noreferrer\"><img loading=\"lazy\" class=\"alignnone wp-image-175\" src=\"http:\/\/deprez.lu\/wp-content\/uploads\/2017\/07\/Logo_DUMAS_1-300x76.jpg\" alt=\"\" width=\"122\" height=\"31\" srcset=\"https:\/\/deprez.lu\/wp-content\/uploads\/2017\/07\/Logo_DUMAS_1-300x76.jpg 300w, https:\/\/deprez.lu\/wp-content\/uploads\/2017\/07\/Logo_DUMAS_1-768x195.jpg 768w, https:\/\/deprez.lu\/wp-content\/uploads\/2017\/07\/Logo_DUMAS_1-800x203.jpg 800w, https:\/\/deprez.lu\/wp-content\/uploads\/2017\/07\/Logo_DUMAS_1.jpg 1000w\" sizes=\"(max-width: 122px) 100vw, 122px\" \/><\/a><\/p>\n<p><em>&#8230;. et cette possibilit\u00e9 est parfois accessible au sein des sites internet des universit\u00e9s elles-m\u00eames (<a href=\"http:\/\/orbilu.uni.lu\/browse?type=type&amp;rpp=100&amp;value=%23F03\" target=\"_blank\" rel=\"noopener noreferrer\">Universit\u00e9 du Luxembourg<\/a>, <a href=\"https:\/\/assasrecherche.u-paris2.fr\/ori-oai-search\/date-search.html?menuKey=tef&amp;submenuKey=news\" target=\"_blank\" rel=\"noopener noreferrer\">Assas<\/a>, Lille II, <a href=\"http:\/\/theses.unistra.fr\/ori-oai-search\/index.html\" target=\"_blank\" rel=\"noopener noreferrer\">Strasbourg<\/a>, Montpellier \u2026.)<\/em><\/p>\n<\/div>\n            ","protected":false},"excerpt":{"rendered":"<p>En bas de cette page, vous trouverez des sites o\u00f9 sont collect\u00e9es les r\u00e9f\u00e9rences de th\u00e8ses publi\u00e9es ou en cours, incluant parfois le document lui-m\u00eame. Surtout, en plus de revues sp\u00e9cialis\u00e9es en libre acc\u00e8s dont vous trouverez des exemples sur l&rsquo;excellent site de precisement.org, accessible au lien suivant, il existe certains sites vous permettant d&rsquo;acc\u00e9der gratuitement \u00e0 de la doctrine<\/p>\n<p><a class=\"more-link\" href=\"https:\/\/deprez.lu\/index.php\/ressources-documentaires\/support-de-cours-seminaire-bamako\/ressources-officielles-et-doctrinales-libres\/sites-de-doctrine-libres-quelques-exemples\/\">Read More<\/a><\/p>\n","protected":false},"author":1,"featured_media":0,"parent":480,"menu_order":0,"comment_status":"closed","ping_status":"closed","template":"","meta":[],"_links":{"self":[{"href":"https:\/\/deprez.lu\/index.php\/wp-json\/wp\/v2\/pages\/125"}],"collection":[{"href":"https:\/\/deprez.lu\/index.php\/wp-json\/wp\/v2\/pages"}],"about":[{"href":"https:\/\/deprez.lu\/index.php\/wp-json\/wp\/v2\/types\/page"}],"author":[{"embeddable":true,"href":"https:\/\/deprez.lu\/index.php\/wp-json\/wp\/v2\/users\/1"}],"replies":[{"embeddable":true,"href":"https:\/\/deprez.lu\/index.php\/wp-json\/wp\/v2\/comments?post=125"}],"version-history":[{"count":26,"href":"https:\/\/deprez.lu\/index.php\/wp-json\/wp\/v2\/pages\/125\/revisions"}],"predecessor-version":[{"id":391,"href":"https:\/\/deprez.lu\/index.php\/wp-json\/wp\/v2\/pages\/125\/revisions\/391"}],"up":[{"embeddable":true,"href":"https:\/\/deprez.lu\/index.php\/wp-json\/wp\/v2\/pages\/480"}],"wp:attachment":[{"href":"https:\/\/deprez.lu\/index.php\/wp-json\/wp\/v2\/media?parent=125"}],"curies":[{"name":"wp","href":"https:\/\/api.w.org\/{rel}","templated":true}]}}