{"id":116,"date":"2017-07-26T16:15:59","date_gmt":"2017-07-26T14:15:59","guid":{"rendered":"http:\/\/deprez.lu\/?page_id=116"},"modified":"2021-04-18T09:21:11","modified_gmt":"2021-04-18T07:21:11","slug":"veille-reglementaire-et-scientifique","status":"publish","type":"page","link":"https:\/\/deprez.lu\/index.php\/ressources-documentaires\/support-de-cours-seminaire-bamako\/veille-reglementaire-et-scientifique\/","title":{"rendered":"Veille info."},"content":{"rendered":"<p>==&gt; Tout chercheur pratique naturellement la <strong><span style=\"color: #3366ff;\">veille en <em>\u00ab\u00a0pull\u00a0\u00bb<\/em><\/span>,<\/strong> car la recherche implique d&rsquo;aller constamment \u00ab\u00a0p\u00eacher l&rsquo;information\u00a0\u00bb sp\u00e9cialis\u00e9e de son domaine : c&rsquo;est une n\u00e9cessit\u00e9 quotidienne afin de rester inform\u00e9 et \u00e0 jour (lecture de revues sp\u00e9cialis\u00e9es, conf\u00e9rences, nouvelles sorties d&rsquo;ouvrages et suivi r\u00e9glementaire etc&#8230; )<\/p>\n<p>==&gt; Il est cependant tr\u00e8s important d&rsquo;organiser une <span style=\"color: #3366ff;\"><strong>veille en mode <\/strong><\/span><em><span style=\"color: #3366ff;\"><strong>\u00ab\u00a0push<\/strong>\u00ab\u00a0<\/span>,<\/em> destin\u00e9e \u00e0 g\u00e9rer efficacement, de mani\u00e8re automatique et rapide les flux d&rsquo;informations, qui viendront alors naturellement et automatiquement \u00e0 vous en temps r\u00e9el.<\/p>\n<p><strong>==&gt; Cette pratique am\u00e9liore sensiblement sa capacit\u00e9 \u00e0 \u00eatre inform\u00e9, et ce sans efforts additionnels.<\/strong><\/p>\n<p style=\"text-align: center;\"><em><strong>Quelques exemples :<\/strong><\/em><\/p>\n<p style=\"text-align: left;\"><span style=\"color: #3366ff;\"><em><strong>Abonnement: <\/strong><\/em><\/span><\/p>\n<p style=\"text-align: left;\">Il s&rsquo;agit ici de la simple possibilit\u00e9 (gratuite ou payante avec les revues les plus importantes) de s&rsquo;abonner afin de se tenir au courant des derniers artices scientifiques concernant un domaine donn\u00e9.<\/p>\n<p style=\"text-align: center;\"><a href=\"http:\/\/www.revue-banque.fr\/abonnements-banque-droit\" target=\"_blank\" rel=\"noopener noreferrer\"><img loading=\"lazy\" class=\"alignnone wp-image-157\" title=\"Exemple d'abonnement\" src=\"http:\/\/deprez.lu\/wp-content\/uploads\/2017\/07\/semaine-juridique.jpg\" alt=\"\" width=\"69\" height=\"99\" \/><\/a><\/p>\n<p style=\"text-align: left;\"><strong><em><span style=\"color: #3366ff;\">cr\u00e9ation d&rsquo;une alerte email: \u00a0 \u00a0<\/span> \u00a0 \u00a0<\/em><\/strong><\/p>\n<p style=\"text-align: left;\"><a href=\"https:\/\/scholar.google.lu\/\" target=\"_blank\" rel=\"noopener noreferrer\"><strong><em><img loading=\"lazy\" class=\"wp-image-153 aligncenter\" src=\"http:\/\/deprez.lu\/wp-content\/uploads\/2017\/07\/alerteemail.jpg\" alt=\"\" width=\"53\" height=\"50\" \/> <\/em><\/strong><\/a>Certains services permettent de param\u00e9trer plus ou moins pr\u00e9cis\u00e9ment une alerte re\u00e7ue par email, par laquelle vous d\u00e9finissez l&rsquo;information que vous souhaitez obtenir.<\/p>\n<p style=\"text-align: left;\"><span style=\"color: #3366ff;\"><em><strong>Lettre d&rsquo;information :<br \/>\n<\/strong><\/em><\/span><\/p>\n<p style=\"text-align: center;\"><a href=\"http:\/\/www.droit-afrique.com\/newsletters\/\"><em><strong> <img loading=\"lazy\" class=\"aligncenter wp-image-154\" src=\"http:\/\/deprez.lu\/wp-content\/uploads\/2017\/07\/newsletter-1-300x200.jpg\" alt=\"\" width=\"77\" height=\"51\" srcset=\"https:\/\/deprez.lu\/wp-content\/uploads\/2017\/07\/newsletter-1-300x200.jpg 300w, https:\/\/deprez.lu\/wp-content\/uploads\/2017\/07\/newsletter-1-768x512.jpg 768w, https:\/\/deprez.lu\/wp-content\/uploads\/2017\/07\/newsletter-1-800x534.jpg 800w, https:\/\/deprez.lu\/wp-content\/uploads\/2017\/07\/newsletter-1.jpg 1000w\" sizes=\"(max-width: 77px) 100vw, 77px\" \/> <\/strong><\/em><\/a><\/p>\n<p style=\"text-align: left;\">Ici, le processus est similaire \u00e0 l&rsquo;alerte email, \u00e0 la diff\u00e9rence que le site en question d\u00e9finit lui-m\u00eame un ensemble d&rsquo;informations plus ou moins pr\u00e9cises qu&rsquo;il propose, pour \u00eatre inform\u00e9 de ses publications, activit\u00e9s etc.<em><br \/>\n<\/em><\/p>\n<p>On peut en trouver un exemple sur le site de <a href=\"http:\/\/www.assemblee-nationale.ml\/\" target=\"_blank\" rel=\"noopener noreferrer\">l&rsquo;assembl\u00e9e nationale malienne<\/a><\/p>\n<p><span style=\"color: #3366ff;\"><em><strong>Flux rss \/ agr\u00e9gateurs de flux : <\/strong> <\/em><\/span><\/p>\n<p style=\"text-align: center;\"><a href=\"http:\/\/www.ighome.com\/\" target=\"_blank\" rel=\"noopener noreferrer\"><img loading=\"lazy\" class=\"alignnone wp-image-156\" src=\"http:\/\/deprez.lu\/wp-content\/uploads\/2017\/07\/flux_rss-300x106.jpg\" alt=\"\" width=\"142\" height=\"50\" srcset=\"https:\/\/deprez.lu\/wp-content\/uploads\/2017\/07\/flux_rss-300x106.jpg 300w, https:\/\/deprez.lu\/wp-content\/uploads\/2017\/07\/flux_rss.jpg 480w\" sizes=\"(max-width: 142px) 100vw, 142px\" \/><\/a><\/p>\n<p>Un flux est une fonctionnalit\u00e9 qu&rsquo;offre un site (identifiable gr\u00e2ce au symbole ci-avant), de permettre l&rsquo;int\u00e9gration de sa page d&rsquo;actualit\u00e9 sur sa propre page de consultation.<\/p>\n<p>Pour pouvoir int\u00e9grer un tel flux, il est n\u00e9cessaire d&rsquo;avoir un int\u00e9grateur de flux. J&rsquo;utilise personnellement <a href=\"http:\/\/ighome.com\" target=\"_blank\" rel=\"noopener noreferrer\"><strong>ighome<\/strong> <\/a>que je trouve parfait, mais voici \u00e9galement quelques autres agr\u00e9gateurs ayant fait l&rsquo;objet de comparatifs : <a href=\"https:\/\/socialcompare.com\/fr\/comparison\/comparateur-agregateurs-flux-rss-1t3tlt47\" target=\"_blank\" rel=\"noopener noreferrer\">https:\/\/socialcompare.com\/fr\/comparison\/comparateur-agregateurs-flux-rss-1t3tlt47<\/a><\/p>\n<p>==&gt; L&rsquo;avantage est de pouvoir organiser sur sa propre page de consultation, une serie de flux d&rsquo;informations li\u00e9es \u00e0 son domaine, en continue et de mani\u00e8re globale et instantan\u00e9e (les <a href=\"http:\/\/theses.fr\/?q=action+oblique&amp;lng=&amp;lng=&amp;sort=dateInsert+desc&amp;format=atom\">th\u00e8ses <\/a>de son domaine de recherche, par exemple).<\/p>\n<p><em><strong>\u00a0<span style=\"color: #3366ff;\">Forums &amp; Chat :<\/span><\/strong><\/em><\/p>\n<p style=\"text-align: center;\"><em><strong><a href=\"https:\/\/www.village-justice.com\/forum\/\" target=\"_blank\" rel=\"noopener noreferrer\"><img loading=\"lazy\" class=\"alignnone wp-image-161\" src=\"http:\/\/deprez.lu\/wp-content\/uploads\/2017\/07\/Forum-sur-internet-et-Chat-300x235.jpg\" alt=\"\" width=\"71\" height=\"56\" srcset=\"https:\/\/deprez.lu\/wp-content\/uploads\/2017\/07\/Forum-sur-internet-et-Chat-300x235.jpg 300w, https:\/\/deprez.lu\/wp-content\/uploads\/2017\/07\/Forum-sur-internet-et-Chat.jpg 346w\" sizes=\"(max-width: 71px) 100vw, 71px\" \/><\/a><\/strong><\/em><\/p>\n<p>Le Forum permet de lancer une question \/ un th\u00e8me \u00e9crit, en attendant une r\u00e9ponse des divers utilisteurs, et permets de participer \u00e0 d&rsquo;autres questions post\u00e9es par des utilisateurs, en postant un courrier qui sera lu au fil du temps. Les participants se connectent quand ils le souhaitent et un fil de forum peut durer plusieurs ann\u00e9es.<\/p>\n<p>Le Chat (ou clavardage) est le fait de poster en instantan\u00e9 sa question et d&rsquo;obtenir une r\u00e9ponse des personnes qui sont actuellement connect\u00e9es. Cela n\u00e9cessite que toutes les personnes soient connect\u00e9es au site au m\u00eame moment, et cet outil peut permettre d&rsquo;organiser des conf\u00e9rences en ligne, des r\u00e9unions ou d&rsquo;obtenir des r\u00e9ponses, informations en direct, voir de discutter.<\/p>\n<p style=\"text-align: center;\"><em><strong>\u00a0<\/strong><\/em><\/p>\n<p style=\"text-align: left;\"><span style=\"color: #3366ff;\"><em><strong>Microblogging et r\u00e9seaux sociaux :<br \/>\n<\/strong><\/em><\/span><\/p>\n<p style=\"text-align: center;\"><a href=\"https:\/\/twitter.com\/\" target=\"_blank\" rel=\"noopener noreferrer\"><img loading=\"lazy\" class=\"alignnone wp-image-155\" src=\"http:\/\/deprez.lu\/wp-content\/uploads\/2017\/07\/microblogging.jpg\" alt=\"\" width=\"95\" height=\"56\" \/><\/a><\/p>\n<p style=\"text-align: left;\">Cette nouvelle forme de communication stimul\u00e9e par l&rsquo;apparition des r\u00e9seaux sociaux (twitter, facebook&#8230;) permet d&rsquo;obtenir l&rsquo;interaction la plus dynamique qui soit avec l&rsquo;information que l&rsquo;on suit et les personnes qui partagent le m\u00eame centre d&rsquo;int\u00e9r\u00eat : sa pleine exploitation n\u00e9cessite souvent l&rsquo;utilisation des r\u00e9seaux sociaux, lesquels pr\u00e9sentent avantages et inconv\u00e9nients.<\/p>\n<p style=\"text-align: left;\"><em><strong>==&gt; Avantage :<\/strong><\/em> ils permettent une convergence accrue des informations, offrent \u00e0 l&rsquo;utilisateur une veille collective, et disposent des fonctionnalit\u00e9s forum, flux, chat, newsletters sous une forme int\u00e9gr\u00e9e.<\/p>\n<p style=\"text-align: left;\"><em><strong>==&gt; Inconv\u00e9nient :<\/strong> <\/em>Ils sont cependant plus intrusifs que l&rsquo;agr\u00e9gateur de flux RSS et souvent, l&rsquo;information pr\u00e9cis\u00e9ment recherch\u00e9e est dissip\u00e9e sous un flux discontinu d&rsquo;autres informations, mettant en avant davantage de m\u00e9dias que de texte \u00e9crits.<\/p>\n<p style=\"text-align: left;\">De m\u00eame, le param\u00e9trage de son profil sur r\u00e9seau sociaux est important dans la mesure o\u00f9 ces derniers proposent des informations aux utilisateurs en fonction de leurs centres d&rsquo;int\u00e9r\u00eats, et c&rsquo;est \u00e0 l&rsquo;utilisateur de filtrer les informations en d\u00e9terminant la valeur et le caract\u00e8re valide des informations qu&rsquo;il va diffuser et partager sur son profil, en flux continu.<\/p>\n<p style=\"text-align: left;\">Le site de l&rsquo;<a href=\"http:\/\/www.assemblee-nationale.ml\/journal-des-debats-parlementaires\/\" target=\"_blank\" rel=\"noopener noreferrer\">Assembl\u00e9 nationale malienne<\/a> offre une possibilit\u00e9 de s&rsquo;abonner \u00e0 un de ses flux.<\/p>\n<p><span style=\"color: #3366ff;\"><em><strong><br \/>\n<\/strong><\/em><\/span><\/p>\n            ","protected":false},"excerpt":{"rendered":"<p>==&gt; Tout chercheur pratique naturellement la veille en \u00ab\u00a0pull\u00a0\u00bb, car la recherche implique d&rsquo;aller constamment \u00ab\u00a0p\u00eacher l&rsquo;information\u00a0\u00bb sp\u00e9cialis\u00e9e de son domaine : c&rsquo;est une n\u00e9cessit\u00e9 quotidienne afin de rester inform\u00e9 et \u00e0 jour (lecture de revues sp\u00e9cialis\u00e9es, conf\u00e9rences, nouvelles sorties d&rsquo;ouvrages et suivi r\u00e9glementaire etc&#8230; ) ==&gt; Il est cependant tr\u00e8s important d&rsquo;organiser une veille en mode \u00ab\u00a0push\u00ab\u00a0, destin\u00e9e \u00e0<\/p>\n<p><a class=\"more-link\" href=\"https:\/\/deprez.lu\/index.php\/ressources-documentaires\/support-de-cours-seminaire-bamako\/veille-reglementaire-et-scientifique\/\">Read More<\/a><\/p>\n","protected":false},"author":1,"featured_media":0,"parent":486,"menu_order":0,"comment_status":"closed","ping_status":"closed","template":"","meta":[],"_links":{"self":[{"href":"https:\/\/deprez.lu\/index.php\/wp-json\/wp\/v2\/pages\/116"}],"collection":[{"href":"https:\/\/deprez.lu\/index.php\/wp-json\/wp\/v2\/pages"}],"about":[{"href":"https:\/\/deprez.lu\/index.php\/wp-json\/wp\/v2\/types\/page"}],"author":[{"embeddable":true,"href":"https:\/\/deprez.lu\/index.php\/wp-json\/wp\/v2\/users\/1"}],"replies":[{"embeddable":true,"href":"https:\/\/deprez.lu\/index.php\/wp-json\/wp\/v2\/comments?post=116"}],"version-history":[{"count":30,"href":"https:\/\/deprez.lu\/index.php\/wp-json\/wp\/v2\/pages\/116\/revisions"}],"predecessor-version":[{"id":262,"href":"https:\/\/deprez.lu\/index.php\/wp-json\/wp\/v2\/pages\/116\/revisions\/262"}],"up":[{"embeddable":true,"href":"https:\/\/deprez.lu\/index.php\/wp-json\/wp\/v2\/pages\/486"}],"wp:attachment":[{"href":"https:\/\/deprez.lu\/index.php\/wp-json\/wp\/v2\/media?parent=116"}],"curies":[{"name":"wp","href":"https:\/\/api.w.org\/{rel}","templated":true}]}}